{"id":52,"date":"2019-09-10T14:18:31","date_gmt":"2019-09-10T14:18:31","guid":{"rendered":"https:\/\/test.tz-bauer.de\/?page_id=52"},"modified":"2024-07-15T10:53:32","modified_gmt":"2024-07-15T10:53:32","slug":"produktion","status":"publish","type":"page","link":"https:\/\/test.tz-bauer.de\/index.php\/produktion\/","title":{"rendered":"Produktion"},"content":{"rendered":"<p>Unsere flexiblen Mitarbeiter und unser umfangreicher Maschinenpark sind der Schl\u00fcssel zum Erfolg unserer Kunden. Gemeinsam mit Ihnen erarbeiten wir die optimale L\u00f6sung f\u00fcr Ihre Branche und Ihr Produkt. Dabei nutzen wir unsere langj\u00e4hrige Erfahrung und bleiben stets offen f\u00fcr innovative Ans\u00e4tze und neue Wege.<\/p>\n<div class=\"group\/conversation-turn relative flex w-full min-w-0 flex-col agent-turn\">\n<div class=\"flex-col gap-1 md:gap-3\">\n<div class=\"flex flex-grow flex-col max-w-full\">\n<div class=\"min-h-[20px] text-message flex flex-col items-start whitespace-pre-wrap break-words [.text-message+&amp;]:mt-5 juice:w-full juice:items-end overflow-x-auto gap-2\" dir=\"auto\" data-message-author-role=\"assistant\" data-message-id=\"bdbe2f8f-0fff-4006-a9bc-5bb2ad539f52\">\n<div class=\"flex w-full flex-col gap-1 juice:empty:hidden juice:first:pt-[3px]\">\n<div class=\"markdown prose w-full break-words dark:prose-invert dark\">\n<p>Neben den g\u00e4ngigen zerspanenden Bearbeitungsverfahren k\u00f6nnen wir Ihnen ein breites Spektrum an zus\u00e4tzlichen Dienstleistungen anbieten, dazu geh\u00f6ren:<\/p>\n<\/div>\n<\/div>\n<\/div>\n<\/div>\n<\/div>\n<\/div>\n<ul>\n<li><a href=\"https:\/\/test.tz-bauer.de\/index.php\/stanzen-und-biegen\/\">Stanzen und Biegen<\/a><\/li>\n<li><a href=\"https:\/\/test.tz-bauer.de\/index.php\/biegen-und-stanzen-von-profilen\/\">Biegen und Stanzen von Profilen<\/a><\/li>\n<li><a href=\"https:\/\/test.tz-bauer.de\/index.php\/vernieten-einpressen-und-montieren\/\">Vernieten, Einpressen und Montieren<\/a><\/li>\n<li><a href=\"https:\/\/test.tz-bauer.de\/index.php\/punktschweissen\/\">Punktschwei\u00dfen<\/a><\/li>\n<li><a href=\"https:\/\/test.tz-bauer.de\/index.php\/gleitschleifen-trowalieren\/\">Gleitschleifen \/ Trowalieren<\/a><\/li>\n<\/ul>\n\n\n<p><\/p>\n\n\n\n<figure class=\"wp-block-embed is-type-video is-provider-youtube wp-block-embed-youtube wp-embed-aspect-16-9 wp-has-aspect-ratio\"><div class=\"wp-block-embed__wrapper\">\n<iframe loading=\"lazy\" title=\"Stanzen, trennen, einpressen und pr\u00fcfen bei Anton Bauer Serienfertigung GmbH\" width=\"640\" height=\"360\" src=\"https:\/\/www.youtube.com\/embed\/BnQSKWval8g?feature=oembed\" frameborder=\"0\" allow=\"accelerometer; autoplay; clipboard-write; encrypted-media; gyroscope; picture-in-picture; web-share\" referrerpolicy=\"strict-origin-when-cross-origin\" allowfullscreen><\/iframe>\n<\/div><\/figure>\n","protected":false},"excerpt":{"rendered":"<p>Unsere flexiblen Mitarbeiter und unser umfangreicher Maschinenpark sind der Schl\u00fcssel zum Erfolg unserer Kunden. Gemeinsam mit Ihnen erarbeiten wir die optimale L\u00f6sung f\u00fcr Ihre Branche und Ihr Produkt. Dabei nutzen wir unsere langj\u00e4hrige Erfahrung und bleiben stets offen f\u00fcr innovative Ans\u00e4tze und neue Wege. Neben den g\u00e4ngigen zerspanenden Bearbeitungsverfahren k\u00f6nnen wir Ihnen ein breites Spektrum [&hellip;]<\/p>\n","protected":false},"author":1,"featured_media":0,"parent":0,"menu_order":0,"comment_status":"closed","ping_status":"closed","template":"","meta":{"footnotes":""},"class_list":["post-52","page","type-page","status-publish","hentry"],"_links":{"self":[{"href":"https:\/\/test.tz-bauer.de\/index.php\/wp-json\/wp\/v2\/pages\/52","targetHints":{"allow":["GET"]}}],"collection":[{"href":"https:\/\/test.tz-bauer.de\/index.php\/wp-json\/wp\/v2\/pages"}],"about":[{"href":"https:\/\/test.tz-bauer.de\/index.php\/wp-json\/wp\/v2\/types\/page"}],"author":[{"embeddable":true,"href":"https:\/\/test.tz-bauer.de\/index.php\/wp-json\/wp\/v2\/users\/1"}],"replies":[{"embeddable":true,"href":"https:\/\/test.tz-bauer.de\/index.php\/wp-json\/wp\/v2\/comments?post=52"}],"version-history":[{"count":6,"href":"https:\/\/test.tz-bauer.de\/index.php\/wp-json\/wp\/v2\/pages\/52\/revisions"}],"predecessor-version":[{"id":457,"href":"https:\/\/test.tz-bauer.de\/index.php\/wp-json\/wp\/v2\/pages\/52\/revisions\/457"}],"wp:attachment":[{"href":"https:\/\/test.tz-bauer.de\/index.php\/wp-json\/wp\/v2\/media?parent=52"}],"curies":[{"name":"wp","href":"https:\/\/api.w.org\/{rel}","templated":true}]}}