{"id":44,"date":"2019-09-10T14:15:33","date_gmt":"2019-09-10T14:15:33","guid":{"rendered":"https:\/\/test.tz-bauer.de\/?page_id=44"},"modified":"2024-07-19T06:42:31","modified_gmt":"2024-07-19T06:42:31","slug":"qualitaet","status":"publish","type":"page","link":"https:\/\/test.tz-bauer.de\/index.php\/qualitaet\/","title":{"rendered":"Qualit\u00e4t garantiert,                                                unser Know-How f\u00fcr ihren Erfolg"},"content":{"rendered":"\n<div class=\"wp-block-group zertifikat-block\"><div class=\"wp-block-group__inner-container is-layout-constrained wp-block-group-is-layout-constrained\">\n<figure class=\"wp-block-image size-full is-resized zertifikat\"><a href=\"https:\/\/test.tz-bauer.de\/wp-content\/uploads\/2024\/07\/Anton-Bauer-Serienfertigung-GmbH-Zertikat-2024-deutsch.pdf\"><img loading=\"lazy\" decoding=\"async\" width=\"164\" height=\"232\" src=\"https:\/\/test.tz-bauer.de\/wp-content\/uploads\/2019\/09\/Anton_Bauer_GmbH-Zertifikat_2018_1.png\" alt=\"\" class=\"wp-image-10\" style=\"width:200px\"\/><\/a><\/figure>\n\n\n\n<div class=\"wp-block-file aligncenter\"><a href=\"https:\/\/test.tz-bauer.de\/wp-content\/uploads\/2024\/07\/Anton-Bauer-Serienfertigung-GmbH-Zertikat-2024-deutsch.pdf\" class=\"wp-block-file__button wp-element-button\" download>Herunterladen<\/a><\/div>\n<\/div><\/div>\n\n\n\n<h4 class=\"wp-block-heading\"><strong>Unser Qualit\u00e4tsmanagement und Know-how in der Stanz- und Biegetechnik<\/strong><\/h4>\n\n\n\n<p>Bei der Anton Bauer Serienfertigung GmbH legen wir gr\u00f6\u00dften Wert auf h\u00f6chste Qualit\u00e4t und pr\u00e4zises Handwerk. Unser sorgf\u00e4ltiges Qualit\u00e4tsmanagement ist seit vielen Jahren nach DIN EN ISO 9001&nbsp;zertifiziert&nbsp;und wir sind es gewohnt als Zulieferer f\u00fcr die Automobilindustrie h\u00f6chste Qualit\u00e4tsanforderungen zu erf\u00fcllen.<\/p>\n\n\n\n<h4 class=\"wp-block-heading\"><strong>Hervorragendes Know-how in Stanz- und Biegeteilen<\/strong><\/h4>\n\n\n\n<p>Unser Team verf\u00fcgt \u00fcber langj\u00e4hrige Erfahrung und ausgezeichnetes Fachwissen im Bereich der Stanz- und Biegetechnik, besonders im dreidimensionalen Raum. Wir sind stolz darauf, innovative L\u00f6sungen und ma\u00dfgeschneiderte Produkte anbieten zu k\u00f6nnen, die exakt auf die Bed\u00fcrfnisse unserer Kunden abgestimmt sind. Mit \u00fcber 35 Jahren Erfahrung in der Branche haben wir uns einen Namen als zuverl\u00e4ssiger Anbieter hochwertiger und individueller Produkte gemacht.<\/p>\n\n\n\n<h4 class=\"wp-block-heading\"><strong>Pr\u00e4zise Bearbeitung von Aluminiumprofilen<\/strong><\/h4>\n\n\n\n<p>Ein besonderer Schwerpunkt liegt auf der Stanz- und Biegebearbeitung von Aluminiumprofilen. Mit Hilfe selbst entwickelter Sondermaschinen und Bearbeitungstechniken und einem hohen Ma\u00df an technischer Expertise sind wir in der Lage, selbst komplexe Aufgabenstellungen mit h\u00f6chster Pr\u00e4zision und Effizienz zu l\u00f6sen.<\/p>\n\n\n\n<p>Vertrauen Sie auf die Anton Bauer Serienfertigung GmbH \u2013 Ihr Partner f\u00fcr Qualit\u00e4t, Pr\u00e4zision und Innovation in der Stanz- und Biegetechnik.<\/p>\n","protected":false},"excerpt":{"rendered":"<p>Unser Qualit\u00e4tsmanagement und Know-how in der Stanz- und Biegetechnik Bei der Anton Bauer Serienfertigung GmbH legen wir gr\u00f6\u00dften Wert auf h\u00f6chste Qualit\u00e4t und pr\u00e4zises Handwerk. Unser sorgf\u00e4ltiges Qualit\u00e4tsmanagement ist seit vielen Jahren nach DIN EN ISO 9001&nbsp;zertifiziert&nbsp;und wir sind es gewohnt als Zulieferer f\u00fcr die Automobilindustrie h\u00f6chste Qualit\u00e4tsanforderungen zu erf\u00fcllen. Hervorragendes Know-how in Stanz- und [&hellip;]<\/p>\n","protected":false},"author":1,"featured_media":0,"parent":0,"menu_order":0,"comment_status":"closed","ping_status":"closed","template":"","meta":{"footnotes":""},"class_list":["post-44","page","type-page","status-publish","hentry"],"_links":{"self":[{"href":"https:\/\/test.tz-bauer.de\/index.php\/wp-json\/wp\/v2\/pages\/44","targetHints":{"allow":["GET"]}}],"collection":[{"href":"https:\/\/test.tz-bauer.de\/index.php\/wp-json\/wp\/v2\/pages"}],"about":[{"href":"https:\/\/test.tz-bauer.de\/index.php\/wp-json\/wp\/v2\/types\/page"}],"author":[{"embeddable":true,"href":"https:\/\/test.tz-bauer.de\/index.php\/wp-json\/wp\/v2\/users\/1"}],"replies":[{"embeddable":true,"href":"https:\/\/test.tz-bauer.de\/index.php\/wp-json\/wp\/v2\/comments?post=44"}],"version-history":[{"count":19,"href":"https:\/\/test.tz-bauer.de\/index.php\/wp-json\/wp\/v2\/pages\/44\/revisions"}],"predecessor-version":[{"id":521,"href":"https:\/\/test.tz-bauer.de\/index.php\/wp-json\/wp\/v2\/pages\/44\/revisions\/521"}],"wp:attachment":[{"href":"https:\/\/test.tz-bauer.de\/index.php\/wp-json\/wp\/v2\/media?parent=44"}],"curies":[{"name":"wp","href":"https:\/\/api.w.org\/{rel}","templated":true}]}}