{"id":40,"date":"2019-09-10T14:14:48","date_gmt":"2019-09-10T14:14:48","guid":{"rendered":"https:\/\/test.tz-bauer.de\/?page_id=40"},"modified":"2024-07-15T10:52:07","modified_gmt":"2024-07-15T10:52:07","slug":"gleitschleifen-trowalieren","status":"publish","type":"page","link":"https:\/\/test.tz-bauer.de\/index.php\/gleitschleifen-trowalieren\/","title":{"rendered":"Gleitschleifen \/ Trowalieren"},"content":{"rendered":"\n<p>Wir sind Ihre Spezialisten f\u00fcr das Gleitschleifen von Aluminiumteilen mit empfindlicher Oberfl\u00e4che. Unsere Expertise umfasst die Bearbeitung von Aluminiumteilen in den Gr\u00f6\u00dfen von 40 mm bis 250 mm L\u00e4nge.<\/p>\n\n\n\n<p>Bei Bedarf f\u00fchren wir gerne unverbindliche Musterbearbeitungen f\u00fcr Sie durch. Kontaktieren Sie uns, um mehr zu erfahren!<\/p>\n\n\n\n<figure class=\"wp-block-gallery has-nested-images columns-default is-cropped wp-block-gallery-1 is-layout-flex wp-block-gallery-is-layout-flex\"><\/figure>\n","protected":false},"excerpt":{"rendered":"<p>Wir sind Ihre Spezialisten f\u00fcr das Gleitschleifen von Aluminiumteilen mit empfindlicher Oberfl\u00e4che. Unsere Expertise umfasst die Bearbeitung von Aluminiumteilen in den Gr\u00f6\u00dfen von 40 mm bis 250 mm L\u00e4nge. Bei Bedarf f\u00fchren wir gerne unverbindliche Musterbearbeitungen f\u00fcr Sie durch. Kontaktieren Sie uns, um mehr zu erfahren!<\/p>\n","protected":false},"author":1,"featured_media":0,"parent":0,"menu_order":0,"comment_status":"closed","ping_status":"closed","template":"","meta":{"footnotes":""},"class_list":["post-40","page","type-page","status-publish","hentry"],"_links":{"self":[{"href":"https:\/\/test.tz-bauer.de\/index.php\/wp-json\/wp\/v2\/pages\/40","targetHints":{"allow":["GET"]}}],"collection":[{"href":"https:\/\/test.tz-bauer.de\/index.php\/wp-json\/wp\/v2\/pages"}],"about":[{"href":"https:\/\/test.tz-bauer.de\/index.php\/wp-json\/wp\/v2\/types\/page"}],"author":[{"embeddable":true,"href":"https:\/\/test.tz-bauer.de\/index.php\/wp-json\/wp\/v2\/users\/1"}],"replies":[{"embeddable":true,"href":"https:\/\/test.tz-bauer.de\/index.php\/wp-json\/wp\/v2\/comments?post=40"}],"version-history":[{"count":3,"href":"https:\/\/test.tz-bauer.de\/index.php\/wp-json\/wp\/v2\/pages\/40\/revisions"}],"predecessor-version":[{"id":455,"href":"https:\/\/test.tz-bauer.de\/index.php\/wp-json\/wp\/v2\/pages\/40\/revisions\/455"}],"wp:attachment":[{"href":"https:\/\/test.tz-bauer.de\/index.php\/wp-json\/wp\/v2\/media?parent=40"}],"curies":[{"name":"wp","href":"https:\/\/api.w.org\/{rel}","templated":true}]}}