{"id":27,"date":"2019-09-10T14:06:22","date_gmt":"2019-09-10T14:06:22","guid":{"rendered":"https:\/\/test.tz-bauer.de\/?page_id=27"},"modified":"2024-07-15T11:03:17","modified_gmt":"2024-07-15T11:03:17","slug":"vernieten-einpressen-und-montieren","status":"publish","type":"page","link":"https:\/\/test.tz-bauer.de\/index.php\/vernieten-einpressen-und-montieren\/","title":{"rendered":"Vernieten, Einpressen und Montieren"},"content":{"rendered":"\n<p>F\u00fcr unsere Kunden bieten wir ma\u00dfgeschneiderte L\u00f6sungen entlang der gesamten Wertsch\u00f6pfungskette an. Zu unseren Leistungen geh\u00f6ren:<\/p>\n\n\n\n<ul class=\"wp-block-list\">\n<li><strong>Einpressen von Einpress- und Stanzmuttern<\/strong> mittels selbst konstruierter Sonderwerkzeuge<\/li>\n\n\n\n<li><strong>Verbinden von Stanzteilen und Drehteilen<\/strong> durch Nietmaschinen und Nietvorrichtungen<\/li>\n\n\n\n<li><strong>Montage diverser Einzelteile<\/strong> zu fertigen Endprodukten<\/li>\n<\/ul>\n\n\n\n<p>Selbstverst\u00e4ndlich stehen wir Ihnen mit unserer Expertise zur Seite, um auch au\u00dferhalb der genannten Bereiche L\u00f6sungen f\u00fcr Ihre spezifischen Anforderungen zu finden. Wir freuen uns darauf, gemeinsam mit Ihnen ma\u00dfgeschneiderte L\u00f6sungen zu entwickeln.<\/p>\n\n\n\n<figure class=\"wp-block-gallery has-nested-images columns-default is-cropped wp-block-gallery-1 is-layout-flex wp-block-gallery-is-layout-flex\">\n<figure class=\"wp-block-image size-large\"><img loading=\"lazy\" decoding=\"async\" width=\"1024\" height=\"768\" data-id=\"476\" src=\"https:\/\/test.tz-bauer.de\/wp-content\/uploads\/2024\/07\/P1090084-1024x768.jpg\" alt=\"\" class=\"wp-image-476\" srcset=\"https:\/\/test.tz-bauer.de\/wp-content\/uploads\/2024\/07\/P1090084-1024x768.jpg 1024w, https:\/\/test.tz-bauer.de\/wp-content\/uploads\/2024\/07\/P1090084-300x225.jpg 300w, https:\/\/test.tz-bauer.de\/wp-content\/uploads\/2024\/07\/P1090084-768x576.jpg 768w, https:\/\/test.tz-bauer.de\/wp-content\/uploads\/2024\/07\/P1090084-1536x1152.jpg 1536w, https:\/\/test.tz-bauer.de\/wp-content\/uploads\/2024\/07\/P1090084-2048x1536.jpg 2048w\" sizes=\"auto, (max-width: 1024px) 100vw, 1024px\" \/><\/figure>\n\n\n\n<figure class=\"wp-block-image size-large\"><img loading=\"lazy\" decoding=\"async\" width=\"1024\" height=\"768\" data-id=\"477\" src=\"https:\/\/test.tz-bauer.de\/wp-content\/uploads\/2024\/07\/P1090103-1024x768.jpg\" alt=\"\" class=\"wp-image-477\" srcset=\"https:\/\/test.tz-bauer.de\/wp-content\/uploads\/2024\/07\/P1090103-1024x768.jpg 1024w, https:\/\/test.tz-bauer.de\/wp-content\/uploads\/2024\/07\/P1090103-300x225.jpg 300w, https:\/\/test.tz-bauer.de\/wp-content\/uploads\/2024\/07\/P1090103-768x576.jpg 768w, https:\/\/test.tz-bauer.de\/wp-content\/uploads\/2024\/07\/P1090103-1536x1152.jpg 1536w, https:\/\/test.tz-bauer.de\/wp-content\/uploads\/2024\/07\/P1090103-2048x1536.jpg 2048w\" sizes=\"auto, (max-width: 1024px) 100vw, 1024px\" \/><\/figure>\n<\/figure>\n","protected":false},"excerpt":{"rendered":"<p>F\u00fcr unsere Kunden bieten wir ma\u00dfgeschneiderte L\u00f6sungen entlang der gesamten Wertsch\u00f6pfungskette an. Zu unseren Leistungen geh\u00f6ren: Selbstverst\u00e4ndlich stehen wir Ihnen mit unserer Expertise zur Seite, um auch au\u00dferhalb der genannten Bereiche L\u00f6sungen f\u00fcr Ihre spezifischen Anforderungen zu finden. Wir freuen uns darauf, gemeinsam mit Ihnen ma\u00dfgeschneiderte L\u00f6sungen zu entwickeln.<\/p>\n","protected":false},"author":1,"featured_media":0,"parent":0,"menu_order":0,"comment_status":"closed","ping_status":"closed","template":"","meta":{"footnotes":""},"class_list":["post-27","page","type-page","status-publish","hentry"],"_links":{"self":[{"href":"https:\/\/test.tz-bauer.de\/index.php\/wp-json\/wp\/v2\/pages\/27","targetHints":{"allow":["GET"]}}],"collection":[{"href":"https:\/\/test.tz-bauer.de\/index.php\/wp-json\/wp\/v2\/pages"}],"about":[{"href":"https:\/\/test.tz-bauer.de\/index.php\/wp-json\/wp\/v2\/types\/page"}],"author":[{"embeddable":true,"href":"https:\/\/test.tz-bauer.de\/index.php\/wp-json\/wp\/v2\/users\/1"}],"replies":[{"embeddable":true,"href":"https:\/\/test.tz-bauer.de\/index.php\/wp-json\/wp\/v2\/comments?post=27"}],"version-history":[{"count":3,"href":"https:\/\/test.tz-bauer.de\/index.php\/wp-json\/wp\/v2\/pages\/27\/revisions"}],"predecessor-version":[{"id":478,"href":"https:\/\/test.tz-bauer.de\/index.php\/wp-json\/wp\/v2\/pages\/27\/revisions\/478"}],"wp:attachment":[{"href":"https:\/\/test.tz-bauer.de\/index.php\/wp-json\/wp\/v2\/media?parent=27"}],"curies":[{"name":"wp","href":"https:\/\/api.w.org\/{rel}","templated":true}]}}